{"id":1355,"date":"2020-03-31T11:06:50","date_gmt":"2020-03-31T09:06:50","guid":{"rendered":"http:\/\/resetec.de\/?page_id=1355"},"modified":"2023-08-28T09:52:22","modified_gmt":"2023-08-28T07:52:22","slug":"impressum","status":"publish","type":"page","link":"https:\/\/resetec.de\/index.php\/impressum\/","title":{"rendered":"Impressum"},"content":{"rendered":"<p>[et_pb_section fb_built=&#8220;1&#8243; fullwidth=&#8220;on&#8220; _builder_version=&#8220;4.3.4&#8243;][et_pb_fullwidth_menu menu_id=&#8220;7&#8243; _builder_version=&#8220;4.3.4&#8243;][\/et_pb_fullwidth_menu][\/et_pb_section][et_pb_section fb_built=&#8220;1&#8243; fullwidth=&#8220;on&#8220; _builder_version=&#8220;4.3.4&#8243;][et_pb_fullwidth_slider _builder_version=&#8220;4.3.4&#8243;][et_pb_slide image=&#8220;https:\/\/resetec.de\/wp-content\/uploads\/2020\/03\/resetec_logo_schein.png&#8220; _builder_version=&#8220;4.3.4&#8243; header_font_size=&#8220;40px&#8220; body_font=&#8220;|700|||||||&#8220; body_text_align=&#8220;center&#8220; body_font_size=&#8220;30px&#8220; body_line_height=&#8220;1.2em&#8220; background_image=&#8220;https:\/\/resetec.de\/wp-content\/uploads\/2020\/03\/resetec_top_2.jpg&#8220; background_enable_image=&#8220;on&#8220; text_orientation=&#8220;left&#8220; width=&#8220;100%&#8220; max_width=&#8220;100%&#8220; custom_padding=&#8220;||||false|false&#8220; body_text_shadow_style=&#8220;preset2&#8243; body_text_shadow_vertical_length=&#8220;0.13em&#8220; body_text_shadow_blur_strength=&#8220;0.1em&#8220; body_text_shadow_color=&#8220;#000000&#8243;]<\/p>\n<p>Ihr Partner f\u00fcr einbaufertige CNC-Maschinenbauteile<\/p>\n<p>[\/et_pb_slide][\/et_pb_fullwidth_slider][\/et_pb_section][et_pb_section fb_built=&#8220;1&#8243; _builder_version=&#8220;4.3.4&#8243;][et_pb_row _builder_version=&#8220;4.3.4&#8243;][et_pb_column type=&#8220;4_4&#8243; _builder_version=&#8220;4.3.4&#8243;][et_pb_text _builder_version=&#8220;4.3.4&#8243;]<\/p>\n<h3>Impressum<\/h3>\n<p>&nbsp;<\/p>\n<p>Angaben gem\u00e4\u00df \u00a7 5 TMG<br \/> RESE-Tec GmbH<br \/>Lilienthalstr. 12<br \/> 32052 Herford<\/p>\n<p>Handelsregister: HRB 10015<br \/> Registergericht: Amtsgericht Bad Oeynhausen<\/p>\n<p>Vertreten durch:<br \/> Dipl. Wirt. Ing. Marco Reckendorf<br \/>Thomas Seewald<\/p>\n<p>Kontakt<br \/> Telefon: 05221 99 44 98 0<br \/> Telefax: 05221 99 44 98 18<br \/> E-Mail: <a href=\"mailto:kontakt@resetec.de\">kontakt@resetec.de<\/a><\/p>\n<p>Umsatzsteuer-ID<br \/> Umsatzsteuer-Identifikationsnummer gem\u00e4\u00df \u00a7 27 a Umsatzsteuergesetz:<br \/> DE247192499<\/p>\n<p>Verantwortlich f\u00fcr den Inhalt nach \u00a7 55 Abs. 2 RStV<br \/> Marco Reckendorf<\/p>\n<p>Verbraucherstreitbeilegung\/Universalschlichtungsstelle<br \/> Wir sind nicht bereit oder verpflichtet, an Streitbeilegungsverfahren vor einer<\/p>\n<p>Verbraucherschlichtungsstelle teilzunehmen.<\/p>\n<p>Haftung f\u00fcr Inhalte<br \/> Als Diensteanbieter sind wir gem\u00e4\u00df \u00a7 7 Abs.1 TMG f\u00fcr eigene Inhalte auf diesen Seiten nach den\u00a0allgemeinen Gesetzen verantwortlich. Nach \u00a7\u00a7 8 bis 10 TMG sind wir als Diensteanbieter jedoch nicht\u00a02 \/ 4\u00a0verpflichtet, \u00fcbermittelte oder gespeicherte fremde Informationen zu \u00fcberwachen oder nach Umst\u00e4nden zu\u00a0forschen, die auf eine rechtswidrige T\u00e4tigkeit hinweisen.\u00a0Verpflichtungen zur Entfernung oder Sperrung der Nutzung von Informationen nach den allgemeinen\u00a0Gesetzen bleiben hiervon unber\u00fchrt. Eine diesbez\u00fcgliche Haftung ist jedoch erst ab dem Zeitpunkt der\u00a0Kenntnis einer konkreten Rechtsverletzung m\u00f6glich. Bei Bekanntwerden von entsprechenden\u00a0Rechtsverletzungen werden wir diese Inhalte umgehend entfernen.<\/p>\n<p>Haftung f\u00fcr Links<br \/> Unser Angebot enth\u00e4lt Links zu externen Websites Dritter, auf deren Inhalte wir keinen Einfluss haben.\u00a0Deshalb k\u00f6nnen wir f\u00fcr diese fremden Inhalte auch keine Gew\u00e4hr \u00fcbernehmen. F\u00fcr die Inhalte der\u00a0verlinkten Seiten ist stets der jeweilige Anbieter oder Betreiber der Seiten verantwortlich. Die verlinkten\u00a0Seiten wurden zum Zeitpunkt der Verlinkung auf m\u00f6gliche Rechtsverst\u00f6\u00dfe \u00fcberpr\u00fcft. Rechtswidrige Inhalte\u00a0waren zum Zeitpunkt der Verlinkung nicht erkennbar.\u00a0Eine permanente inhaltliche Kontrolle der verlinkten Seiten ist jedoch ohne konkrete Anhaltspunkte einer\u00a0 Rechtsverletzung nicht zumutbar. Bei Bekanntwerden von Rechtsverletzungen werden wir derartige Links\u00a0umgehend entfernen.<\/p>\n<p>Urheberrecht<br \/> Die durch die Seitenbetreiber erstellten Inhalte und Werke auf diesen Seiten unterliegen dem deutschen\u00a0Urheberrecht. Die Vervielf\u00e4ltigung, Bearbeitung, Verbreitung und jede Art der Verwertung au\u00dferhalb der\u00a0Grenzen des Urheberrechtes bed\u00fcrfen der schriftlichen Zustimmung des jeweiligen Autors bzw. Erstellers.\u00a0Downloads und Kopien dieser Seite sind nur f\u00fcr den privaten, nicht kommerziellen Gebrauch gestattet.<br \/> Soweit die Inhalte auf dieser Seite nicht vom Betreiber erstellt wurden, werden die Urheberrechte Dritter\u00a0beachtet. Insbesondere werden Inhalte Dritter als solche gekennzeichnet. Sollten Sie trotzdem auf eine\u00a0Urheberrechtsverletzung aufmerksam werden, bitten wir um einen entsprechenden Hinweis. Bei\u00a0Bekanntwerden von Rechtsverletzungen werden wir derartige Inhalte umgehend entfernen.<br \/> Quelle:<br \/> e-recht24.de<\/p>\n<p>[\/et_pb_text][\/et_pb_column][\/et_pb_row][\/et_pb_section][et_pb_section fb_built=&#8220;1&#8243; _builder_version=&#8220;4.3.4&#8243; background_color=&#8220;#474747&#8243;][et_pb_row column_structure=&#8220;1_3,1_3,1_3&#8243; _builder_version=&#8220;4.3.4&#8243;][et_pb_column type=&#8220;1_3&#8243; _builder_version=&#8220;4.3.4&#8243;][et_pb_text _builder_version=&#8220;4.3.4&#8243; text_text_color=&#8220;#ffffff&#8220;]<\/p>\n<p><strong>RESE-Tec GmbH<br \/><\/strong>Lilienthalstr. 12, 32052 Herford<\/p>\n<p>Tel: 05221 99 44 98-0<br \/>Fax: 05221 99 44 98-18<br \/> E-Mail: info@resetec.de<\/p>\n<p><strong>\u00d6ffnungszeiten:<\/strong><br \/> Montag bis Freitag\u00a07.30 \u2013 16.00 Uhr<\/p>\n<p><a href=\"https:\/\/resetec.de\/index.php\/impressum\/\" title=\"Impressum\u00a0 \">Impressum\u00a0<\/a> |\u00a0 <a href=\"https:\/\/resetec.de\/?page_id=1361\" title=\"Datenschutz\">Datenschutz<\/a><\/p>\n<p>[\/et_pb_text][\/et_pb_column][et_pb_column _builder_version=&#8220;4.3.4&#8243; type=&#8220;1_3&#8243;][et_pb_image src=&#8220;https:\/\/resetec.de\/wp-content\/uploads\/2020\/04\/resetec_logo_mit_neg.png&#8220; _builder_version=&#8220;4.3.4&#8243; width=&#8220;72%&#8220; custom_padding=&#8220;|3px||||&#8220;][\/et_pb_image][\/et_pb_column][et_pb_column type=&#8220;1_3&#8243; _builder_version=&#8220;4.3.4&#8243;][et_pb_image src=&#8220;https:\/\/resetec.de\/wp-content\/uploads\/2023\/08\/Logo.png&#8220; _builder_version=&#8220;4.3.4&#8243; hover_enabled=&#8220;0&#8243;][\/et_pb_image][\/et_pb_column][\/et_pb_row][\/et_pb_section]<\/p>\n","protected":false},"excerpt":{"rendered":"<p>[et_pb_section fb_built=&#8220;1&#8243; fullwidth=&#8220;on&#8220; _builder_version=&#8220;4.3.4&#8243;][et_pb_fullwidth_menu menu_id=&#8220;7&#8243; _builder_version=&#8220;4.3.4&#8243;][\/et_pb_fullwidth_menu][\/et_pb_section][et_pb_section fb_built=&#8220;1&#8243; fullwidth=&#8220;on&#8220; _builder_version=&#8220;4.3.4&#8243;][et_pb_fullwidth_slider _builder_version=&#8220;4.3.4&#8243;][et_pb_slide image=&#8220;https:\/\/resetec.de\/wp-content\/uploads\/2020\/03\/resetec_logo_schein.png&#8220; _builder_version=&#8220;4.3.4&#8243; header_font_size=&#8220;40px&#8220; body_font=&#8220;|700|||||||&#8220; body_text_align=&#8220;center&#8220; body_font_size=&#8220;30px&#8220; body_line_height=&#8220;1.2em&#8220; background_image=&#8220;https:\/\/resetec.de\/wp-content\/uploads\/2020\/03\/resetec_top_2.jpg&#8220; background_enable_image=&#8220;on&#8220; text_orientation=&#8220;left&#8220; width=&#8220;100%&#8220; max_width=&#8220;100%&#8220; custom_padding=&#8220;||||false|false&#8220; body_text_shadow_style=&#8220;preset2&#8243; body_text_shadow_vertical_length=&#8220;0.13em&#8220; body_text_shadow_blur_strength=&#8220;0.1em&#8220; body_text_shadow_color=&#8220;#000000&#8243;] Ihr Partner f\u00fcr einbaufertige CNC-Maschinenbauteile [\/et_pb_slide][\/et_pb_fullwidth_slider][\/et_pb_section][et_pb_section fb_built=&#8220;1&#8243; _builder_version=&#8220;4.3.4&#8243;][et_pb_row _builder_version=&#8220;4.3.4&#8243;][et_pb_column type=&#8220;4_4&#8243; _builder_version=&#8220;4.3.4&#8243;][et_pb_text _builder_version=&#8220;4.3.4&#8243;] Impressum &nbsp; Angaben gem\u00e4\u00df \u00a7 5 TMG RESE-Tec GmbHLilienthalstr. 12 32052 Herford Handelsregister: HRB 10015 Registergericht: [&hellip;]<\/p>\n","protected":false},"author":1,"featured_media":0,"parent":0,"menu_order":0,"comment_status":"closed","ping_status":"closed","template":"page-template-blank.php","meta":{"_et_pb_use_builder":"on","_et_pb_old_content":"","_et_gb_content_width":""},"_links":{"self":[{"href":"https:\/\/resetec.de\/index.php\/wp-json\/wp\/v2\/pages\/1355"}],"collection":[{"href":"https:\/\/resetec.de\/index.php\/wp-json\/wp\/v2\/pages"}],"about":[{"href":"https:\/\/resetec.de\/index.php\/wp-json\/wp\/v2\/types\/page"}],"author":[{"embeddable":true,"href":"https:\/\/resetec.de\/index.php\/wp-json\/wp\/v2\/users\/1"}],"replies":[{"embeddable":true,"href":"https:\/\/resetec.de\/index.php\/wp-json\/wp\/v2\/comments?post=1355"}],"version-history":[{"count":12,"href":"https:\/\/resetec.de\/index.php\/wp-json\/wp\/v2\/pages\/1355\/revisions"}],"predecessor-version":[{"id":1585,"href":"https:\/\/resetec.de\/index.php\/wp-json\/wp\/v2\/pages\/1355\/revisions\/1585"}],"wp:attachment":[{"href":"https:\/\/resetec.de\/index.php\/wp-json\/wp\/v2\/media?parent=1355"}],"curies":[{"name":"wp","href":"https:\/\/api.w.org\/{rel}","templated":true}]}}