{"id":1170,"date":"2020-03-25T17:29:11","date_gmt":"2020-03-25T16:29:11","guid":{"rendered":"http:\/\/resetec.de\/?page_id=1170"},"modified":"2025-01-31T12:49:33","modified_gmt":"2025-01-31T11:49:33","slug":"1170-2","status":"publish","type":"page","link":"https:\/\/resetec.de\/","title":{"rendered":"Start"},"content":{"rendered":"<p>[et_pb_section fb_built=&#8220;1&#8243; fullwidth=&#8220;on&#8220; _builder_version=&#8220;4.3.4&#8243;][et_pb_fullwidth_slider _builder_version=&#8220;4.3.4&#8243;][et_pb_slide image=&#8220;https:\/\/resetec.de\/wp-content\/uploads\/2020\/03\/resetec_logo_schein.png&#8220; _builder_version=&#8220;4.3.4&#8243; header_font_size=&#8220;40px&#8220; body_font=&#8220;|700|||||||&#8220; body_text_align=&#8220;center&#8220; body_font_size=&#8220;30px&#8220; body_line_height=&#8220;1.2em&#8220; background_image=&#8220;https:\/\/resetec.de\/wp-content\/uploads\/2020\/03\/resetec_top_1.jpg&#8220; background_enable_image=&#8220;on&#8220; text_orientation=&#8220;left&#8220; width=&#8220;100%&#8220; max_width=&#8220;100%&#8220; custom_padding=&#8220;||||false|false&#8220; body_text_shadow_style=&#8220;preset2&#8243; body_text_shadow_vertical_length=&#8220;0.13em&#8220; body_text_shadow_blur_strength=&#8220;0.1em&#8220; body_text_shadow_color=&#8220;#000000&#8243;]Ihr Partner f\u00fcr einbaufertige CNC-Maschinenbauteile[\/et_pb_slide][\/et_pb_fullwidth_slider][\/et_pb_section][et_pb_section fb_built=&#8220;1&#8243; _builder_version=&#8220;4.3.4&#8243; min_height=&#8220;265px&#8220; custom_padding=&#8220;70px||0px|||&#8220;][et_pb_row _builder_version=&#8220;4.3.4&#8243;][et_pb_column type=&#8220;4_4&#8243; _builder_version=&#8220;4.3.4&#8243;][et_pb_text _builder_version=&#8220;4.3.4&#8243; text_font=&#8220;Verdana||||||||&#8220; text_font_size=&#8220;18px&#8220; text_line_height=&#8220;1.8em&#8220; header_font=&#8220;Verdana||||||||&#8220; header_2_font=&#8220;Verdana||||||||&#8220; header_3_font=&#8220;Verdana||||||||&#8220; header_4_font=&#8220;Verdana||||||||&#8220; header_5_font=&#8220;Verdana||||||||&#8220; header_6_font=&#8220;Verdana||||||||&#8220;]<\/p>\n<h2 style=\"text-align: center;\">Herzlich willkommen bei RESE-Tec Zerspanungstechnik in Herford.<\/h2>\n<p style=\"text-align: center;\">Wir sind <strong>die<\/strong> Spezialisten f\u00fcr pr\u00e4zise Fr\u00e4steile. Mit langj\u00e4hriger Erfahrung fertigen wir f\u00fcr unsere Kunden Produkte, die in folgenden Bereichen erfolgreich eingesetzt werden:<\/p>\n<p>[\/et_pb_text][\/et_pb_column][\/et_pb_row][\/et_pb_section][et_pb_section fb_built=&#8220;1&#8243; _builder_version=&#8220;4.3.4&#8243;][et_pb_row column_structure=&#8220;1_6,1_6,1_6,1_6,1_6,1_6&#8243; _builder_version=&#8220;4.3.4&#8243; custom_margin=&#8220;-73px|auto||auto||&#8220; custom_padding=&#8220;48px|||||&#8220;][et_pb_column type=&#8220;1_6&#8243; _builder_version=&#8220;4.3.4&#8243;][et_pb_image src=&#8220;https:\/\/resetec.de\/wp-content\/uploads\/2020\/03\/resetec_holztechnik.png&#8220; align=&#8220;center&#8220; _builder_version=&#8220;4.3.4&#8243;][\/et_pb_image][et_pb_text _builder_version=&#8220;4.3.4&#8243; text_font_size=&#8220;15px&#8220;]<\/p>\n<p style=\"text-align: center;\"><strong>HOLZ BEARBEITUNG<\/strong><\/p>\n<p>[\/et_pb_text][\/et_pb_column][et_pb_column type=&#8220;1_6&#8243; _builder_version=&#8220;4.3.4&#8243;][et_pb_image src=&#8220;https:\/\/resetec.de\/wp-content\/uploads\/2020\/03\/resetec_automobiltechnik.png&#8220; align=&#8220;center&#8220; _builder_version=&#8220;4.3.4&#8243;][\/et_pb_image][et_pb_text _builder_version=&#8220;4.3.4&#8243; text_font_size=&#8220;15px&#8220;]<\/p>\n<p style=\"text-align: center;\"><strong>AUTOMOBIL TECHNIK<\/strong><\/p>\n<p>[\/et_pb_text][\/et_pb_column][et_pb_column type=&#8220;1_6&#8243; _builder_version=&#8220;4.3.4&#8243;][et_pb_image src=&#8220;https:\/\/resetec.de\/wp-content\/uploads\/2020\/03\/resetec_druckrechnik.png&#8220; align=&#8220;center&#8220; _builder_version=&#8220;4.3.4&#8243;][\/et_pb_image][et_pb_text _builder_version=&#8220;4.3.4&#8243; text_font_size=&#8220;15px&#8220;]<\/p>\n<p style=\"text-align: center;\"><strong>DRUCKTECHNIK<\/strong><\/p>\n<p>[\/et_pb_text][\/et_pb_column][et_pb_column type=&#8220;1_6&#8243; _builder_version=&#8220;4.3.4&#8243;][et_pb_image src=&#8220;https:\/\/resetec.de\/wp-content\/uploads\/2020\/03\/resetec_kunststofftechnik.png&#8220; align=&#8220;center&#8220; _builder_version=&#8220;4.3.4&#8243;][\/et_pb_image][et_pb_text _builder_version=&#8220;4.3.4&#8243; text_font_size=&#8220;15px&#8220;]<\/p>\n<p style=\"text-align: center;\"><strong>KUNSTSTOFF TECHNIK<\/strong><\/p>\n<p>[\/et_pb_text][\/et_pb_column][et_pb_column type=&#8220;1_6&#8243; _builder_version=&#8220;4.3.4&#8243;][et_pb_image src=&#8220;https:\/\/resetec.de\/wp-content\/uploads\/2020\/03\/resetec_f\u00f6rdertechnik.png&#8220; align=&#8220;center&#8220; _builder_version=&#8220;4.3.4&#8243;][\/et_pb_image][et_pb_text _builder_version=&#8220;4.3.4&#8243; text_font_size=&#8220;15px&#8220;]<\/p>\n<p style=\"text-align: center;\"><strong>F\u00d6RDERTECHNIK<\/strong><\/p>\n<p>[\/et_pb_text][\/et_pb_column][et_pb_column type=&#8220;1_6&#8243; _builder_version=&#8220;4.3.4&#8243;][et_pb_image src=&#8220;https:\/\/resetec.de\/wp-content\/uploads\/2020\/03\/resetec_lagerlogistik.png&#8220; align=&#8220;center&#8220; _builder_version=&#8220;4.3.4&#8243;][\/et_pb_image][et_pb_text _builder_version=&#8220;4.3.4&#8243; text_font_size=&#8220;15px&#8220;]<\/p>\n<p style=\"text-align: center;\"><strong>LAGERLOGISTIK<\/strong><\/p>\n<p>[\/et_pb_text][\/et_pb_column][\/et_pb_row][\/et_pb_section][et_pb_section fb_built=&#8220;1&#8243; fullwidth=&#8220;on&#8220; _builder_version=&#8220;4.3.4&#8243;][et_pb_fullwidth_header _builder_version=&#8220;4.3.4&#8243; content_font_size=&#8220;18px&#8220; content_line_height=&#8220;1.9em&#8220; background_color=&#8220;#e02b20&#8243;]<\/p>\n<p style=\"text-align: center;\">Damit sich jeder unserer Kunden selbst von der Qualit\u00e4t der Ausfertigung und der Eignung f\u00fcr seinen individuellen Einsatz \u00fcberzeugen kann, verf\u00fcgen wir \u00fcber eine breite Palette an Musterteilen und Prototypen. Au\u00dferdem sorgen wir stets f\u00fcr ausreichend freie Kapazit\u00e4ten, um auch f\u00fcr Sie termingerecht und zuverl\u00e4ssig eine Serienfertigung zu \u00fcbernehmen.<\/p>\n<p>[\/et_pb_fullwidth_header][\/et_pb_section][et_pb_section fb_built=&#8220;1&#8243; _builder_version=&#8220;4.3.4&#8243; max_width=&#8220;100%&#8220; custom_padding=&#8220;||0px|||&#8220;][et_pb_row _builder_version=&#8220;4.3.4&#8243; width=&#8220;100%&#8220; max_width=&#8220;1532px&#8220;][et_pb_column type=&#8220;4_4&#8243; _builder_version=&#8220;4.3.4&#8243;][et_pb_gallery gallery_ids=&#8220;1204,1203,1202,1201,1200,1193,1208,1209,1210,1211,1212,1213,1214,1215,1216,1217&#8243; show_title_and_caption=&#8220;off&#8220; _builder_version=&#8220;4.3.4&#8243; text_orientation=&#8220;center&#8220; custom_padding=&#8220;||0px|||&#8220;][\/et_pb_gallery][\/et_pb_column][\/et_pb_row][\/et_pb_section][et_pb_section fb_built=&#8220;1&#8243; fullwidth=&#8220;on&#8220; module_id=&#8220;maschinen&#8220; _builder_version=&#8220;4.3.4&#8243;][et_pb_fullwidth_slider use_bg_overlay=&#8220;off&#8220; _builder_version=&#8220;4.3.4&#8243; header_font=&#8220;||||||||&#8220; header_text_color=&#8220;#ffffff&#8220; background_color=&#8220;rgba(0,0,0,0)&#8220; min_height=&#8220;874px&#8220; custom_margin=&#8220;-2px|||||&#8220; custom_padding=&#8220;54px||0px|||&#8220; animation_style=&#8220;fade&#8220; animation_duration=&#8220;450ms&#8220;][et_pb_slide heading=&#8220;Technologie-Park&#8220; image=&#8220;https:\/\/resetec.de\/wp-content\/uploads\/2020\/03\/resetec_RS-605-K.png&#8220; _builder_version=&#8220;4.3.4&#8243; header_text_align=&#8220;center&#8220; header_font_size=&#8220;50px&#8220; header_line_height=&#8220;1.5em&#8220; body_text_align=&#8220;left&#8220; body_font_size=&#8220;22px&#8220; body_line_height=&#8220;1.5em&#8220; background_color=&#8220;#474747&#8243; background_enable_color=&#8220;on&#8220;]<\/p>\n<p style=\"text-align: center;\">In unserem modernen Technologie-Park arbeiten dazu hochqualifizierte und motivierte Mitarbeiter zur vollsten Zufriedenheit unserer Kunden.<\/p>\n<p>[\/et_pb_slide][et_pb_slide heading=&#8220;Maschinen&#8220; image=&#8220;https:\/\/resetec.de\/wp-content\/uploads\/2020\/03\/resetec_VMX42Ui-XP.png&#8220; _builder_version=&#8220;4.3.4&#8243; header_text_align=&#8220;left&#8220; header_font_size=&#8220;50px&#8220; header_line_height=&#8220;1.5em&#8220; body_text_align=&#8220;left&#8220; body_font_size=&#8220;13px&#8220; body_line_height=&#8220;1.5em&#8220; background_color=&#8220;#474747&#8243; background_enable_color=&#8220;on&#8220;]<\/p>\n<p>5-Achs-Bearbeitungszentrum Hedelius RS605<\/p>\n<p>5-Achs-Bearbeitungszentrum VMX 42 Ui<br \/> 1060 x 610 x 520 mm mit Planscheibe 400 mm<\/p>\n<p>5-Achs-Bearbeitungszentrum VMX 30 Ui<br \/> 760 x 510 x 520 mm mit Planscheibe 350 mm<\/p>\n<p>5-Achs-Bearbeitungszentrum VMX 10 Ui<br \/> 530 x 405 x 480 mm mit Planscheibe 200 mm<\/p>\n<p>3-Achs-Bearbeitungszentrum Hedelius C80<br \/> 2400 x 800 x 650 mm<\/p>\n<p>3-Achs-Bearbeitungszentrum VMX50 i<br \/>1270 x 660 x 610 mm<\/p>\n<p>3-Achs-Bearbeitungszentrum VM30 DSi<br \/> 1270 x 510 x 510 mm<\/p>\n<p>3-Achs-Bearbeitungszentrum VM20 DSi<br \/> 1016 x 508 x 508 mm<\/p>\n<p>&nbsp;<\/p>\n<p>konventionelle Fr\u00e4smaschine Deckel Maho<\/p>\n<p>konventionelle Drehmaschine<\/p>\n<p>Radialbohrmaschine Donau<\/p>\n<p>Bands\u00e4ge MEP NC 332 Evo mit automatischem Vorschub<\/p>\n<p>S\u00e4ulenschwenkkran 250 kg<\/p>\n<p>Portalkran 1000 kg<\/p>\n<p>[\/et_pb_slide][\/et_pb_fullwidth_slider][\/et_pb_section][et_pb_section fb_built=&#8220;1&#8243; _builder_version=&#8220;4.3.4&#8243;][et_pb_row column_structure=&#8220;2_5,3_5&#8243; module_id=&#8220;unternehmen&#8220; _builder_version=&#8220;4.3.4&#8243; max_width=&#8220;1457px&#8220;][et_pb_column type=&#8220;2_5&#8243; _builder_version=&#8220;4.3.4&#8243;][et_pb_image src=&#8220;https:\/\/resetec.de\/wp-content\/uploads\/2020\/03\/resetec_unternehmen.jpg&#8220; _builder_version=&#8220;4.3.4&#8243;][\/et_pb_image][\/et_pb_column][et_pb_column type=&#8220;3_5&#8243; _builder_version=&#8220;4.3.4&#8243;][et_pb_text _builder_version=&#8220;4.3.4&#8243; text_font_size=&#8220;16px&#8220; text_line_height=&#8220;1.8em&#8220; custom_margin=&#8220;-1px|||||&#8220;]<\/p>\n<h1 style=\"text-align: center;\">Das Unternehmen<\/h1>\n<p style=\"text-align: center;\">Die Gr\u00fcnder der RESE-Tec GmbH sind Dipl.-Wirt.-Ing. Marco Reckendorf und Thomas Seewald. Sie starteten im M\u00e4rz 2006 mit zwei Bearbeitungszentren (BAZ).<\/p>\n<p style=\"text-align: center;\">Mit unseren acht modernen CNC-Bearbeitungszentren der neuesten Generation fertigen wir hochpr\u00e4zise Fr\u00e4steile, die mit aktuellster Software im CAD\/CAM-Verfahren programmiert werden. Hierdurch sichern wir Ihnen h\u00f6chste Qualit\u00e4t bei verschiedensten Bearbeitungsaufgaben.<\/p>\n<p style=\"text-align: center;\">Unsere aufw\u00e4ndige Ausstattung erlaubt es uns, schnell und flexibel auf Kundenw\u00fcnsche zu reagieren. Dabei setzen wir in enger Zusammenarbeit mit unseren Auftraggebern wirtschaftlich sinnvolle L\u00f6sungen um. Denn herausragende Qualit\u00e4t ist neben einem fairen Preis einer der wichtigsten Bausteine unserer Firmenphilosophie.<\/p>\n<p>[\/et_pb_text][\/et_pb_column][\/et_pb_row][\/et_pb_section][et_pb_section fb_built=&#8220;1&#8243; fullwidth=&#8220;on&#8220; module_id=&#8220;leistungen&#8220; _builder_version=&#8220;4.3.4&#8243;][et_pb_fullwidth_slider _builder_version=&#8220;4.3.4&#8243; background_color=&#8220;#474747&#8243;][et_pb_slide heading=&#8220;CNC-Fr\u00e4sen&#8220; image=&#8220;https:\/\/resetec.de\/wp-content\/uploads\/2020\/03\/cnc_fraesen.jpg&#8220; _builder_version=&#8220;4.3.4&#8243; header_text_align=&#8220;center&#8220; body_line_height=&#8220;1.8em&#8220; background_color=&#8220;#474747&#8243; background_enable_color=&#8220;on&#8220; text_orientation=&#8220;left&#8220;]<\/p>\n<p style=\"text-align: center;\">Wir fertigen Prototypen, Klein-, Mittel- und Gro\u00dfserien bis zu einer Gr\u00f6\u00dfe von ca. x = 2400 mm und y = 1000 mm auf modernsten CNC-Bearbeitungszentren.<\/p>\n<p style=\"text-align: center;\">Au\u00dferdem stellen wir Bohr- und Fr\u00e4steile f\u00fcr verschiedene Branchen von&nbsp;Holzbearbeitungsmaschinen \u00fcber Automobiltechnik und Drucktechnik bis zur Kunststofftechnik her.<\/p>\n<p style=\"text-align: center;\">Wir beschaffen die Rohmaterialien und f\u00fchren entsprechende Vorarbeiten, wie&nbsp;beispielsweise S\u00e4gen, bis hin zur eigentlichen Zerspanung durch.<\/p>\n<p>[\/et_pb_slide][et_pb_slide heading=&#8220;Oberfl\u00e4chen&#8220; image=&#8220;https:\/\/resetec.de\/wp-content\/uploads\/2020\/03\/oberflaechen.jpg&#8220; _builder_version=&#8220;4.3.4&#8243; header_text_align=&#8220;center&#8220; body_text_align=&#8220;left&#8220; body_line_height=&#8220;1.8em&#8220;]<\/p>\n<p style=\"text-align: center;\">Unsere M\u00f6glichkeiten der Oberfl\u00e4chenbehandlung reichen von <strong>Verchromen<\/strong>,&nbsp;<strong>Verzinken<\/strong> und <strong>H\u00e4rten<\/strong> bis zum <strong>Eloxieren<\/strong>. Dazu arbeiten wir jeweils mit qualifizierten und&nbsp;zuverl\u00e4ssigen Partnerunternehmen zusammen.<\/p>\n<p>[\/et_pb_slide][\/et_pb_fullwidth_slider][\/et_pb_section][et_pb_section fb_built=&#8220;1&#8243; _builder_version=&#8220;4.3.4&#8243; custom_padding=&#8220;||4px|||&#8220;][et_pb_row column_structure=&#8220;3_5,2_5&#8243; _builder_version=&#8220;4.3.4&#8243; max_width=&#8220;1457px&#8220;][et_pb_column type=&#8220;3_5&#8243; _builder_version=&#8220;4.3.4&#8243;][et_pb_text _builder_version=&#8220;4.3.4&#8243; text_font_size=&#8220;16px&#8220; text_line_height=&#8220;1.8em&#8220; min_height=&#8220;358px&#8220; custom_margin=&#8220;23px|||||&#8220; custom_padding=&#8220;0px|||||&#8220;]<\/p>\n<h1 style=\"text-align: center;\">Leistungen<\/h1>\n<p style=\"text-align: center;\"><span style=\"font-size: 16px; text-align: justify;\">Materialauswahl und Optimierung der herzustellenden Teile gewinnen in der modernen Produktion immer mehr an Bedeutung. Verlassen Sie sich hier auf unsere kompetente Beratung, die auf langj\u00e4hriger Erfahrung beruht.<\/span><\/p>\n<p style=\"text-align: center;\">Nur schnell zu sein ist keine Kunst, doch h\u00e4ufig geht das zulasten der Qualit\u00e4t. Damit geben wir uns nicht zufrieden: Neben Schnelligkeit ist uns eine tadellose Produktion wichtig. Jedes Teil, das unser Haus verl\u00e4sst, wurde gemeinsam mit dem Konstrukteur optimiert. So gen\u00fcgt es auch h\u00f6chsten Anspr\u00fcchen \u2013 unseren n\u00e4mlich!<\/p>\n<p style=\"text-align: center;\">Oftmals zahlt sich der Einsatz von h\u00f6herwertigen Materialien am Ende des Produktionsprozesses aus. Denn wenn das Ausgangsmaterial stimmt, spart das unter Umst\u00e4nden kostenintensive Arbeiten bei der eigentlichen Fr\u00e4sbearbeitung. Unsere Experten w\u00e4gen diese Kosten im Vorfeld der Bearbeitung gegeneinander ab und sorgen so f\u00fcr ein optimales Ergebnis im Sinne unserer Kunden.<\/p>\n<p>[\/et_pb_text][\/et_pb_column][et_pb_column type=&#8220;2_5&#8243; _builder_version=&#8220;4.3.4&#8243;][et_pb_image src=&#8220;https:\/\/resetec.de\/wp-content\/uploads\/2020\/03\/Resetec_02.jpg&#8220; _builder_version=&#8220;4.3.4&#8243; custom_margin=&#8220;15px|||||&#8220;][\/et_pb_image][\/et_pb_column][\/et_pb_row][\/et_pb_section][et_pb_section fb_built=&#8220;1&#8243; module_id=&#8220;aktuelles&#8220; _builder_version=&#8220;4.3.4&#8243; background_color=&#8220;#ffffff&#8220;][et_pb_row _builder_version=&#8220;4.3.4&#8243; max_width=&#8220;1461px&#8220;][et_pb_column type=&#8220;4_4&#8243; _builder_version=&#8220;4.3.4&#8243;][et_pb_slider _builder_version=&#8220;4.3.4&#8243; body_font=&#8220;||||||||&#8220; body_line_height=&#8220;1.4em&#8220; background_color=&#8220;#474747&#8243; width=&#8220;100%&#8220; max_width=&#8220;1457px&#8220;][et_pb_slide heading=&#8220;Unser neuer Firmensitz&#8220; image=&#8220;https:\/\/resetec.de\/wp-content\/uploads\/2025\/01\/resetec.jpg&#8220; _builder_version=&#8220;4.3.4&#8243; header_font=&#8220;|600|||||||&#8220; header_text_align=&#8220;center&#8220; header_font_size=&#8220;31px&#8220;]<\/p>\n<p style=\"text-align: center;\">Wir investieren in die Zukunft.<br \/> Vollklimatisierte Halle mit 3,2 t Portalkran.<br \/> Neuer Firmensitz 2020\/2021.<br \/> Wir halten sie auf dem Laufenden.<\/p>\n<p>[\/et_pb_slide][\/et_pb_slider][\/et_pb_column][\/et_pb_row][\/et_pb_section][et_pb_section fb_built=&#8220;1&#8243; fullwidth=&#8220;on&#8220; module_id=&#8220;karriere&#8220; _builder_version=&#8220;4.3.4&#8243;][et_pb_fullwidth_header button_one_text=&#8220;Kontakt@resetec.de&#8220; button_one_url=&#8220;mailto:Kontakt@resetec.de&#8220; header_image_url=&#8220;https:\/\/resetec.de\/wp-content\/uploads\/2020\/03\/mitarbeiter_1-1.png&#8220; _builder_version=&#8220;4.3.4&#8243; content_font_size=&#8220;15px&#8220; content_line_height=&#8220;1.8em&#8220; background_color=&#8220;#e02b20&#8243; width=&#8220;100%&#8220; max_width=&#8220;100%&#8220;]<\/p>\n<p><strong>Ausbildung<\/strong><br \/>Freie Ausbildungsstelle Zerspanungsmechaniker Fr\u00e4stechnik <br \/>( m\/w\/d ) f\u00fcr 09\/2024<\/p>\n<p>&nbsp;<\/p>\n<p><strong>Stellenangebote<\/strong><br \/> F\u00fcr unser engagiertes Team suchen wir ab sofort\u00a0einen CNC-Fr\u00e4ser\/eine CNC-Fr\u00e4serin\u00a0f\u00fcr die Fertigung von Einzel- und Kleinserien.<\/p>\n<p>Zu Ihrem Aufgabengebiet geh\u00f6rt das selbstst\u00e4ndige Einrichten und Programmieren.<\/p>\n<p>Eine abgeschlossene Ausbildung im Bereich Metall ist erw\u00fcnscht.<\/p>\n<p>Ihre Bewerbung richten Sie bitte an Herrn Reckendorf.<\/p>\n<p>Wir freuen uns auf Sie!<\/p>\n<p>[\/et_pb_fullwidth_header][\/et_pb_section][et_pb_section fb_built=&#8220;1&#8243; module_id=&#8220;kontakt&#8220; _builder_version=&#8220;4.3.4&#8243; background_color=&#8220;#474747&#8243;][et_pb_row column_structure=&#8220;1_3,1_3,1_3&#8243; _builder_version=&#8220;4.3.4&#8243; custom_margin=&#8220;|727px||auto||&#8220;][et_pb_column type=&#8220;1_3&#8243; _builder_version=&#8220;4.3.4&#8243;][et_pb_text _builder_version=&#8220;4.3.4&#8243; text_text_color=&#8220;#ffffff&#8220;]<strong>RESE-Tec GmbH<br \/>\n<\/strong>Lilienthalstr. 12, 32052 Herford<\/p>\n<p>Tel: 05221 99 44 98-0<br \/>\nFax: 05221 99 44 98-18&nbsp;<br \/>\nE-Mail: info@resetec.de<\/p>\n<p><strong>\u00d6ffnungszeiten:<\/strong><br \/>\nMontag bis Freitag&nbsp;7.30 \u2013 16.00 Uhr<\/p>\n<p><a href=\"https:\/\/resetec.de\/index.php\/impressum\/\" title=\"Impressum&nbsp; \">Impressum&nbsp;<\/a> |&nbsp; <a href=\"https:\/\/resetec.de\/?page_id=1361\" title=\"Datenschutz\">Datenschutz<\/a>[\/et_pb_text][\/et_pb_column][et_pb_column type=&#8220;1_3&#8243; _builder_version=&#8220;4.3.4&#8243;][et_pb_image src=&#8220;https:\/\/resetec.de\/wp-content\/uploads\/2020\/04\/resetec_logo_mit_neg.png&#8220; _builder_version=&#8220;4.3.4&#8243; width=&#8220;72%&#8220; custom_padding=&#8220;|3px||||&#8220;][\/et_pb_image][et_pb_social_media_follow _builder_version=&#8220;4.3.4&#8243; hover_enabled=&#8220;0&#8243;][et_pb_social_media_follow_network social_network=&#8220;instagram&#8220; background_color=&#8220;#ea2c59&#8243; _builder_version=&#8220;4.3.4&#8243; follow_button=&#8220;off&#8220; url_new_window=&#8220;on&#8220; url=&#8220;https:\/\/www.instagram.com\/resetec_herford\/&#8220; hover_enabled=&#8220;0&#8243;]instagram[\/et_pb_social_media_follow_network][\/et_pb_social_media_follow][\/et_pb_column][et_pb_column type=&#8220;1_3&#8243; _builder_version=&#8220;4.3.4&#8243;][et_pb_image src=&#8220;https:\/\/resetec.de\/wp-content\/uploads\/2023\/08\/Logo.png&#8220; _builder_version=&#8220;4.3.4&#8243; width=&#8220;100%&#8220; min_height=&#8220;100px&#8220; height=&#8220;147px&#8220;][\/et_pb_image][\/et_pb_column][\/et_pb_row][\/et_pb_section]<\/p>\n","protected":false},"excerpt":{"rendered":"<p>[et_pb_section fb_built=&#8220;1&#8243; fullwidth=&#8220;on&#8220; _builder_version=&#8220;4.3.4&#8243;][et_pb_fullwidth_slider _builder_version=&#8220;4.3.4&#8243;][et_pb_slide image=&#8220;https:\/\/resetec.de\/wp-content\/uploads\/2020\/03\/resetec_logo_schein.png&#8220; _builder_version=&#8220;4.3.4&#8243; header_font_size=&#8220;40px&#8220; body_font=&#8220;|700|||||||&#8220; body_text_align=&#8220;center&#8220; body_font_size=&#8220;30px&#8220; body_line_height=&#8220;1.2em&#8220; background_image=&#8220;https:\/\/resetec.de\/wp-content\/uploads\/2020\/03\/resetec_top_1.jpg&#8220; background_enable_image=&#8220;on&#8220; text_orientation=&#8220;left&#8220; width=&#8220;100%&#8220; max_width=&#8220;100%&#8220; custom_padding=&#8220;||||false|false&#8220; body_text_shadow_style=&#8220;preset2&#8243; body_text_shadow_vertical_length=&#8220;0.13em&#8220; body_text_shadow_blur_strength=&#8220;0.1em&#8220; body_text_shadow_color=&#8220;#000000&#8243;]Ihr Partner f\u00fcr einbaufertige CNC-Maschinenbauteile[\/et_pb_slide][\/et_pb_fullwidth_slider][\/et_pb_section][et_pb_section fb_built=&#8220;1&#8243; _builder_version=&#8220;4.3.4&#8243; min_height=&#8220;265px&#8220; custom_padding=&#8220;70px||0px|||&#8220;][et_pb_row _builder_version=&#8220;4.3.4&#8243;][et_pb_column type=&#8220;4_4&#8243; _builder_version=&#8220;4.3.4&#8243;][et_pb_text _builder_version=&#8220;4.3.4&#8243; text_font=&#8220;Verdana||||||||&#8220; text_font_size=&#8220;18px&#8220; text_line_height=&#8220;1.8em&#8220; header_font=&#8220;Verdana||||||||&#8220; header_2_font=&#8220;Verdana||||||||&#8220; header_3_font=&#8220;Verdana||||||||&#8220; header_4_font=&#8220;Verdana||||||||&#8220; header_5_font=&#8220;Verdana||||||||&#8220; header_6_font=&#8220;Verdana||||||||&#8220;] Herzlich willkommen bei RESE-Tec Zerspanungstechnik in Herford. Wir sind die Spezialisten f\u00fcr [&hellip;]<\/p>\n","protected":false},"author":1,"featured_media":0,"parent":0,"menu_order":0,"comment_status":"closed","ping_status":"closed","template":"","meta":{"_et_pb_use_builder":"on","_et_pb_old_content":"","_et_gb_content_width":""},"_links":{"self":[{"href":"https:\/\/resetec.de\/index.php\/wp-json\/wp\/v2\/pages\/1170"}],"collection":[{"href":"https:\/\/resetec.de\/index.php\/wp-json\/wp\/v2\/pages"}],"about":[{"href":"https:\/\/resetec.de\/index.php\/wp-json\/wp\/v2\/types\/page"}],"author":[{"embeddable":true,"href":"https:\/\/resetec.de\/index.php\/wp-json\/wp\/v2\/users\/1"}],"replies":[{"embeddable":true,"href":"https:\/\/resetec.de\/index.php\/wp-json\/wp\/v2\/comments?post=1170"}],"version-history":[{"count":140,"href":"https:\/\/resetec.de\/index.php\/wp-json\/wp\/v2\/pages\/1170\/revisions"}],"predecessor-version":[{"id":1596,"href":"https:\/\/resetec.de\/index.php\/wp-json\/wp\/v2\/pages\/1170\/revisions\/1596"}],"wp:attachment":[{"href":"https:\/\/resetec.de\/index.php\/wp-json\/wp\/v2\/media?parent=1170"}],"curies":[{"name":"wp","href":"https:\/\/api.w.org\/{rel}","templated":true}]}}